{"id":22,"date":"2022-04-06T09:19:40","date_gmt":"2022-04-06T09:19:40","guid":{"rendered":"https:\/\/katholisch-bremerhaven.de\/?page_id=22"},"modified":"2022-04-06T11:56:55","modified_gmt":"2022-04-06T09:56:55","slug":"wir-sind-katholische-kirche-bremerhaven","status":"publish","type":"page","link":"https:\/\/katholisch-bremerhaven.de\/?page_id=22","title":{"rendered":"Wir sind Katholische Kirche Bremerhaven"},"content":{"rendered":"\n<figure class=\"wp-block-image size-full is-resized is-style-rounded\"><img loading=\"lazy\" decoding=\"async\" src=\"https:\/\/katholisch-bremerhaven.de\/wp-content\/uploads\/2022\/04\/Pfarreigebiet.jpg\" alt=\"\" class=\"wp-image-34\" width=\"503\" height=\"539\" srcset=\"https:\/\/katholisch-bremerhaven.de\/wp-content\/uploads\/2022\/04\/Pfarreigebiet.jpg 1005w, https:\/\/katholisch-bremerhaven.de\/wp-content\/uploads\/2022\/04\/Pfarreigebiet-280x300.jpg 280w, https:\/\/katholisch-bremerhaven.de\/wp-content\/uploads\/2022\/04\/Pfarreigebiet-956x1024.jpg 956w, https:\/\/katholisch-bremerhaven.de\/wp-content\/uploads\/2022\/04\/Pfarreigebiet-768x823.jpg 768w\" sizes=\"auto, (max-width: 503px) 100vw, 503px\" \/><figcaption>Gebiet der Katholischen Kirche Bremerhaven<\/figcaption><\/figure>\n\n\n\n<p>Die Katholische Kirche Bremerhaven umfasst das Gebiet der Stadt Bremerhaven und gro\u00dfe Teile des Landkreises Cuxhaven mit den Ortschaften: Ahe, Albstedt, Altluneberg, Altwistedt, Appeln, Beverstedt, Bexh\u00f6vede, Bokel, Bramel, Bramstedt, B\u00fcttel, Dedesdorf, Donnern, Dorfhagen, Driftsethe, D\u00fcring, Eidewarden, Fleeste, Frelsdorf, Freschluneberg, Geestenseth, Hagen im Bremischen, Hahnenknoop, Harrendorf, Heerstedt, Heine, Heise, Hetthorn, Hollen, Holte, Hoope, Kassebruch, Kirchwistedt, Lanhausen, Lehnstedt, Lohe bei Bramstedt, Lunestedt, Nesse, Neuenlande, Offenwarden, Osterndorf, Overwarfe, Rechtenfleth, Sandstedt, Schiffdorf, Sellstedt, Stinstedt, Stotel, Stubben, Ueterlande, Uthlede, Wehdel, Wehldorf, Wellen, Wersabe, Westerbeverstedt, Wiemsdorf, Wittstedt, Wollingst, Wulsb\u00fcttel, Wurthfleth und im Norden: Alfstedt, Debstedt, Dorum, Drangstedt, Elmlohe, Fl\u00f6geln, Gro\u00dfenhain, Hainm\u00fchlen, Hol\u00dfel, Hymendorf, Imsum, Krempel, K\u00f6hlen, K\u00fchrstedt, Langen, Laven, Lintig, Misselwarden, Mulsum, Neuenwalde, Padingb\u00fcttel, Ringstedt, Sievern, Spaden, Wehden, Wremen mit insgesamt 17.887 Gemeindegliedern<\/p>\n","protected":false},"excerpt":{"rendered":"<p>Die Katholische Kirche Bremerhaven umfasst das Gebiet der Stadt Bremerhaven und gro\u00dfe Teile des Landkreises Cuxhaven mit den Ortschaften: Ahe, Albstedt, Altluneberg, Altwistedt, Appeln, Beverstedt, Bexh\u00f6vede, Bokel, Bramel, Bramstedt, B\u00fcttel, Dedesdorf, Donnern, Dorfhagen, Driftsethe, D\u00fcring, Eidewarden, Fleeste, Frelsdorf, Freschluneberg, Geestenseth, Hagen im Bremischen, Hahnenknoop, Harrendorf, Heerstedt, Heine, Heise, Hetthorn, Hollen, Holte, Hoope, Kassebruch, Kirchwistedt, Lanhausen,&hellip;<\/p>\n","protected":false},"author":1,"featured_media":0,"parent":0,"menu_order":0,"comment_status":"closed","ping_status":"closed","template":"","meta":{"footnotes":""},"class_list":["post-22","page","type-page","status-publish","hentry"],"jetpack_sharing_enabled":true,"_links":{"self":[{"href":"https:\/\/katholisch-bremerhaven.de\/index.php?rest_route=\/wp\/v2\/pages\/22","targetHints":{"allow":["GET"]}}],"collection":[{"href":"https:\/\/katholisch-bremerhaven.de\/index.php?rest_route=\/wp\/v2\/pages"}],"about":[{"href":"https:\/\/katholisch-bremerhaven.de\/index.php?rest_route=\/wp\/v2\/types\/page"}],"author":[{"embeddable":true,"href":"https:\/\/katholisch-bremerhaven.de\/index.php?rest_route=\/wp\/v2\/users\/1"}],"replies":[{"embeddable":true,"href":"https:\/\/katholisch-bremerhaven.de\/index.php?rest_route=%2Fwp%2Fv2%2Fcomments&post=22"}],"version-history":[{"count":3,"href":"https:\/\/katholisch-bremerhaven.de\/index.php?rest_route=\/wp\/v2\/pages\/22\/revisions"}],"predecessor-version":[{"id":37,"href":"https:\/\/katholisch-bremerhaven.de\/index.php?rest_route=\/wp\/v2\/pages\/22\/revisions\/37"}],"wp:attachment":[{"href":"https:\/\/katholisch-bremerhaven.de\/index.php?rest_route=%2Fwp%2Fv2%2Fmedia&parent=22"}],"curies":[{"name":"wp","href":"https:\/\/api.w.org\/{rel}","templated":true}]}}